{"id":3029,"date":"2026-03-26T14:12:11","date_gmt":"2026-03-26T13:12:11","guid":{"rendered":"https:\/\/wolfgangsee-apartments.at\/tiraz\/"},"modified":"2026-04-13T13:57:43","modified_gmt":"2026-04-13T11:57:43","slug":"tiraz","status":"publish","type":"page","link":"https:\/\/wolfgangsee-apartments.at\/cs\/tiraz\/","title":{"rendered":"Tir\u00e1\u017e"},"content":{"rendered":"\t\t<div data-elementor-type=\"wp-page\" data-elementor-id=\"3029\" class=\"elementor elementor-3029 elementor-2462\" data-elementor-post-type=\"page\">\n\t\t\t\t<div data-particle_enable=\"false\" data-particle-mobile-disabled=\"false\" class=\"elementor-element elementor-element-f1c6891 e-con-full e-flex e-con e-parent\" data-id=\"f1c6891\" data-element_type=\"container\" data-e-type=\"container\" data-settings=\"{&quot;background_background&quot;:&quot;classic&quot;}\">\n\t\t<div data-particle_enable=\"false\" data-particle-mobile-disabled=\"false\" class=\"elementor-element elementor-element-2af3305 e-con-full e-flex e-con e-child\" data-id=\"2af3305\" data-element_type=\"container\" data-e-type=\"container\">\n\t\t\t\t<div class=\"elementor-element elementor-element-aea2051 elementor-widget-tablet__width-initial elementor-widget__width-initial elementor-invisible elementor-widget elementor-widget-heading\" data-id=\"aea2051\" data-element_type=\"widget\" data-e-type=\"widget\" data-settings=\"{&quot;_animation&quot;:&quot;fadeInUp&quot;,&quot;_animation_delay&quot;:200}\" data-widget_type=\"heading.default\">\n\t\t\t\t\t<h2 class=\"elementor-heading-title elementor-size-default\">Tir\u00e1\u017e<\/h2>\t\t\t\t<\/div>\n\t\t\t\t<div class=\"elementor-element elementor-element-29c2337 elementor-invisible elementor-widget elementor-widget-button\" data-id=\"29c2337\" data-element_type=\"widget\" data-e-type=\"widget\" data-settings=\"{&quot;_animation&quot;:&quot;fadeInUp&quot;,&quot;_animation_delay&quot;:400}\" data-widget_type=\"button.default\">\n\t\t\t\t\t\t\t\t\t\t<a class=\"elementor-button elementor-button-link elementor-size-sm\" href=\"https:\/\/sky-eu1.clock-software.com\/spa\/pms-wbe\/#\/hotel\/2005\" target=\"_blank\">\n\t\t\t\t\t\t<span class=\"elementor-button-content-wrapper\">\n\t\t\t\t\t\t\t\t\t<span class=\"elementor-button-text\">Rezervovat nyn\u00ed<\/span>\n\t\t\t\t\t<\/span>\n\t\t\t\t\t<\/a>\n\t\t\t\t\t\t\t\t<\/div>\n\t\t\t\t<\/div>\n\t\t<div data-particle_enable=\"false\" data-particle-mobile-disabled=\"false\" class=\"elementor-element elementor-element-52ee4cb e-con-full e-flex e-con e-child\" data-id=\"52ee4cb\" data-element_type=\"container\" data-e-type=\"container\">\n\t\t<div data-particle_enable=\"false\" data-particle-mobile-disabled=\"false\" class=\"elementor-element elementor-element-2291821 e-con-full e-flex e-con e-child\" data-id=\"2291821\" data-element_type=\"container\" data-e-type=\"container\">\n\t\t\t\t<div class=\"elementor-element elementor-element-baf4fdb corner elementor-widget elementor-widget-image\" data-id=\"baf4fdb\" data-element_type=\"widget\" data-e-type=\"widget\" data-widget_type=\"image.default\">\n\t\t\t\t\t\t\t\t\t\t\t\t\t\t\t<img decoding=\"async\" width=\"30\" height=\"30\" src=\"https:\/\/wolfgangsee-apartments.at\/wp-content\/uploads\/2026\/03\/Corner-Blauw.png\" class=\"attachment-full size-full wp-image-2591\" alt=\"\" \/>\t\t\t\t\t\t\t\t\t\t\t\t\t\t\t<\/div>\n\t\t\t\t<\/div>\n\t\t<div data-particle_enable=\"false\" data-particle-mobile-disabled=\"false\" class=\"elementor-element elementor-element-9931d00 e-con-full e-flex e-con e-child\" data-id=\"9931d00\" data-element_type=\"container\" data-e-type=\"container\" data-settings=\"{&quot;background_background&quot;:&quot;classic&quot;}\">\n\t\t\t\t<div class=\"elementor-element elementor-element-0ab2578 elementor-view-default elementor-invisible elementor-widget elementor-widget-icon\" data-id=\"0ab2578\" data-element_type=\"widget\" data-e-type=\"widget\" data-settings=\"{&quot;_animation&quot;:&quot;fadeInUp&quot;,&quot;_animation_delay&quot;:500}\" data-widget_type=\"icon.default\">\n\t\t\t\t\t\t\t<div class=\"elementor-icon-wrapper\">\n\t\t\t<div class=\"elementor-icon\">\n\t\t\t<svg aria-hidden=\"true\" class=\"e-font-icon-svg e-fas-square\" viewBox=\"0 0 448 512\" xmlns=\"http:\/\/www.w3.org\/2000\/svg\"><path d=\"M400 32H48C21.5 32 0 53.5 0 80v352c0 26.5 21.5 48 48 48h352c26.5 0 48-21.5 48-48V80c0-26.5-21.5-48-48-48z\"><\/path><\/svg>\t\t\t<\/div>\n\t\t<\/div>\n\t\t\t\t\t\t<\/div>\n\t\t\t\t<div class=\"elementor-element elementor-element-1e688f4 elementor-invisible elementor-widget elementor-widget-heading\" data-id=\"1e688f4\" data-element_type=\"widget\" data-e-type=\"widget\" data-settings=\"{&quot;_animation&quot;:&quot;fadeInUp&quot;,&quot;_animation_delay&quot;:500}\" data-widget_type=\"heading.default\">\n\t\t\t\t\t<h2 class=\"elementor-heading-title elementor-size-default\">\u010cist\u00fd po\u017eitek: Va\u0161e dovolen\u00e1<br>u jezera Wolfgangsee a hory Schafberg<\/h2>\t\t\t\t<\/div>\n\t\t\t\t<\/div>\n\t\t\t\t<\/div>\n\t\t\t\t<\/div>\n\t\t<div data-particle_enable=\"false\" data-particle-mobile-disabled=\"false\" class=\"elementor-element elementor-element-eb30dcd e-flex e-con-boxed e-con e-parent\" data-id=\"eb30dcd\" data-element_type=\"container\" data-e-type=\"container\" data-settings=\"{&quot;background_background&quot;:&quot;classic&quot;}\">\n\t\t\t\t\t<div class=\"e-con-inner\">\n\t\t\t\t\t<\/div>\n\t\t\t\t<\/div>\n\t\t<div data-particle_enable=\"false\" data-particle-mobile-disabled=\"false\" class=\"elementor-element elementor-element-c9e6bef e-con-full elementor-hidden-mobile e-flex e-con e-parent\" data-id=\"c9e6bef\" data-element_type=\"container\" data-e-type=\"container\" data-settings=\"{&quot;background_background&quot;:&quot;classic&quot;,&quot;background_motion_fx_motion_fx_scrolling&quot;:&quot;yes&quot;,&quot;background_motion_fx_translateX_effect&quot;:&quot;yes&quot;,&quot;background_motion_fx_translateX_speed&quot;:{&quot;unit&quot;:&quot;px&quot;,&quot;size&quot;:20,&quot;sizes&quot;:[]},&quot;motion_fx_motion_fx_scrolling&quot;:&quot;yes&quot;,&quot;background_motion_fx_translateX_affectedRange&quot;:{&quot;unit&quot;:&quot;%&quot;,&quot;size&quot;:&quot;&quot;,&quot;sizes&quot;:{&quot;start&quot;:0,&quot;end&quot;:100}},&quot;background_motion_fx_devices&quot;:[&quot;desktop&quot;,&quot;laptop&quot;,&quot;tablet&quot;,&quot;mobile&quot;],&quot;motion_fx_devices&quot;:[&quot;desktop&quot;,&quot;laptop&quot;,&quot;tablet&quot;,&quot;mobile&quot;]}\">\n\t\t\t\t<\/div>\n\t\t<div data-particle_enable=\"false\" data-particle-mobile-disabled=\"false\" class=\"elementor-element elementor-element-da1b37f e-con-full elementor-hidden-desktop elementor-hidden-tablet elementor-hidden-laptop e-flex e-con e-parent\" data-id=\"da1b37f\" data-element_type=\"container\" data-e-type=\"container\" data-settings=\"{&quot;background_background&quot;:&quot;classic&quot;,&quot;background_motion_fx_motion_fx_scrolling&quot;:&quot;yes&quot;,&quot;background_motion_fx_translateX_effect&quot;:&quot;yes&quot;,&quot;background_motion_fx_translateX_speed&quot;:{&quot;unit&quot;:&quot;px&quot;,&quot;size&quot;:100,&quot;sizes&quot;:[]},&quot;background_motion_fx_translateX_affectedRange&quot;:{&quot;unit&quot;:&quot;%&quot;,&quot;size&quot;:&quot;&quot;,&quot;sizes&quot;:{&quot;start&quot;:0,&quot;end&quot;:100}},&quot;background_motion_fx_devices&quot;:[&quot;desktop&quot;,&quot;laptop&quot;,&quot;tablet&quot;,&quot;mobile&quot;]}\">\n\t\t\t\t<\/div>\n\t\t<div data-particle_enable=\"false\" data-particle-mobile-disabled=\"false\" class=\"elementor-element elementor-element-fc6e5b4 e-flex e-con-boxed e-con e-parent\" data-id=\"fc6e5b4\" data-element_type=\"container\" data-e-type=\"container\" data-settings=\"{&quot;background_background&quot;:&quot;classic&quot;}\">\n\t\t\t\t\t<div class=\"e-con-inner\">\n\t\t<div data-particle_enable=\"false\" data-particle-mobile-disabled=\"false\" class=\"elementor-element elementor-element-1145d6d e-con-full e-flex e-con e-child\" data-id=\"1145d6d\" data-element_type=\"container\" data-e-type=\"container\">\n\t\t\t\t<div class=\"elementor-element elementor-element-87c4811 elementor-invisible elementor-widget elementor-widget-text-editor\" data-id=\"87c4811\" data-element_type=\"widget\" data-e-type=\"widget\" data-settings=\"{&quot;_animation&quot;:&quot;fadeInUp&quot;,&quot;_animation_delay&quot;:300}\" data-widget_type=\"text-editor.default\">\n\t\t\t\t\t\t\t\t\t<p class=\"oneComWebmail-MsoNormal\"><i>Informace o spole\u010dnosti <\/i><\/p><p> <\/p><p class=\"oneComWebmail-MsoNormal\"><b><span lang=\"EN-US\">Wolf &amp; Schaf Apartments<br>zna\u010dka spole\u010dnosti<\/span><\/b><\/p><p> <\/p><p>Nomad at Home GmbH<\/p><p> <\/p><p class=\"oneComWebmail-MsoNormal\"><span lang=\"DE-AT\">Ried 149<br><\/span>5360 St. Wolfgang<span lang=\"DE-AT\"> im Salzkammergut<\/span><br>Rakousko <b><span lang=\"DE-AT\"> <\/span><\/b><\/p><p> <\/p><p class=\"oneComWebmail-MsoNormal\"><i>Kontaktn\u00ed \u00fadaje <\/i><\/p><p> <\/p><p class=\"oneComWebmail-MsoNormal\"><b>T:<\/b> <span lang=\"DE-AT\">+43 (0)664 214 0070<br><\/span><b>E:<\/b> <span lang=\"DE-AT\">info(at)wolfschaf<\/span>.at<br><b><span lang=\"DE-AT\">W:<\/span><\/b><span lang=\"DE-AT\"> www.wolfschaf.at<\/span><\/p><p> <\/p><p class=\"oneComWebmail-MsoNormal\"><i>zastoupen\u00e1 <\/i><\/p><p> <\/p><p class=\"oneComWebmail-MsoNormal\"><span lang=\"DE-AT\">pan\u00ed Godefrida Cornelia Gerarda (Yoni) Simons MSc. a<br>pan DI (FH) Bram Marcel Hubertus Slabbers MSc. MBM  <\/span><\/p><p> <\/p><p class=\"oneComWebmail-MsoNormal\"><i>dal\u0161\u00ed informace <\/i><\/p><p> <\/p><p class=\"oneComWebmail-MsoNormal\"><b>P\u0159edm\u011bt podnik\u00e1n\u00ed:<\/b> <span lang=\"DE-AT\">Turistick\u00e9 ubytov\u00e1n\u00ed<\/span><br><b>\u010c\u00edslo v obchodn\u00edm rejst\u0159\u00edku:<\/b> FN 530267 f<br><b>S\u00eddlo spole\u010dnosti:<\/b> S<span lang=\"DE-AT\">t. Gilgen<\/span>, Rakousko<br><b>Rejst\u0159\u00edkov\u00fd soud: <\/b> Zemsk\u00fd soud v <span lang=\"DE-AT\">Salcburku<\/span><br><b>DI\u010c:<\/b> ATU <span lang=\"DE-AT\">75330269<\/span><br><b>Profesn\u00ed pr\u00e1vo:<\/b> regulovan\u00e9 pohostinstv\u00ed<br><b>Dozor\u010d\u00ed\/\u017eivnostensk\u00fd \u00fa\u0159ad:<\/b> Okresn\u00ed hejtmanstv\u00ed <span lang=\"DE-AT\">Salzburg-okol\u00ed<\/span> <\/p>\t\t\t\t\t\t\t\t<\/div>\n\t\t\t\t<\/div>\n\t\t\t\t\t<\/div>\n\t\t\t\t<\/div>\n\t\t\t\t<\/div>\n\t\t","protected":false},"excerpt":{"rendered":"<p>Tir\u00e1\u017e Rezervovat nyn\u00ed \u010cist\u00fd po\u017eitek: Va\u0161e dovolen\u00e1u jezera Wolfgangsee a hory Schafberg Informace o spole\u010dnosti Wolf &amp; Schaf Apartmentszna\u010dka spole\u010dnosti Nomad at Home GmbH Ried 1495360 St. Wolfgang im SalzkammergutRakousko Kontaktn\u00ed \u00fadaje T: +43 (0)664 214 0070E: info(at)wolfschaf.atW: www.wolfschaf.at zastoupen\u00e1 pan\u00ed Godefrida Cornelia Gerarda (Yoni) Simons MSc. apan DI (FH) Bram Marcel Hubertus Slabbers MSc. [&hellip;]<\/p>\n","protected":false},"author":2,"featured_media":0,"parent":0,"menu_order":0,"comment_status":"closed","ping_status":"closed","template":"elementor_header_footer","meta":{"footnotes":""},"class_list":["post-3029","page","type-page","status-publish","hentry"],"yoast_head":"<!-- This site is optimized with the Yoast SEO plugin v27.5 - https:\/\/yoast.com\/product\/yoast-seo-wordpress\/ -->\n<title>Tir\u00e1\u017e - Wolf &amp; Schaf Apartments<\/title>\n<meta name=\"robots\" content=\"index, follow, max-snippet:-1, max-image-preview:large, max-video-preview:-1\" \/>\n<link rel=\"canonical\" href=\"https:\/\/wolfgangsee-apartments.at\/cs\/tiraz\/\" \/>\n<meta property=\"og:locale\" content=\"cs_CZ\" \/>\n<meta property=\"og:type\" content=\"article\" \/>\n<meta property=\"og:title\" content=\"Tir\u00e1\u017e - Wolf &amp; Schaf Apartments\" \/>\n<meta property=\"og:description\" content=\"Tir\u00e1\u017e Rezervovat nyn\u00ed \u010cist\u00fd po\u017eitek: Va\u0161e dovolen\u00e1u jezera Wolfgangsee a hory Schafberg Informace o spole\u010dnosti Wolf &amp; Schaf Apartmentszna\u010dka spole\u010dnosti Nomad at Home GmbH Ried 1495360 St. Wolfgang im SalzkammergutRakousko Kontaktn\u00ed \u00fadaje T: +43 (0)664 214 0070E: info(at)wolfschaf.atW: www.wolfschaf.at zastoupen\u00e1 pan\u00ed Godefrida Cornelia Gerarda (Yoni) Simons MSc. apan DI (FH) Bram Marcel Hubertus Slabbers MSc. [&hellip;]\" \/>\n<meta property=\"og:url\" content=\"https:\/\/wolfgangsee-apartments.at\/cs\/tiraz\/\" \/>\n<meta property=\"og:site_name\" content=\"Wolf &amp; Schaf Apartments\" \/>\n<meta property=\"article:modified_time\" content=\"2026-04-13T11:57:43+00:00\" \/>\n<meta property=\"og:image\" content=\"https:\/\/wolfgangsee-apartments.at\/wp-content\/uploads\/2026\/03\/Corner-Blauw.png\" \/>\n\t<meta property=\"og:image:width\" content=\"30\" \/>\n\t<meta property=\"og:image:height\" content=\"30\" \/>\n\t<meta property=\"og:image:type\" content=\"image\/png\" \/>\n<meta name=\"twitter:card\" content=\"summary_large_image\" \/>\n<meta name=\"twitter:label1\" content=\"Odhadovan\u00e1 doba \u010dten\u00ed\" \/>\n\t<meta name=\"twitter:data1\" content=\"1 minuta\" \/>\n<script type=\"application\/ld+json\" class=\"yoast-schema-graph\">{\"@context\":\"https:\\\/\\\/schema.org\",\"@graph\":[{\"@type\":\"WebPage\",\"@id\":\"https:\\\/\\\/wolfgangsee-apartments.at\\\/cs\\\/tiraz\\\/\",\"url\":\"https:\\\/\\\/wolfgangsee-apartments.at\\\/cs\\\/tiraz\\\/\",\"name\":\"Tir\u00e1\u017e - Wolf &amp; Schaf Apartments\",\"isPartOf\":{\"@id\":\"https:\\\/\\\/wolfgangsee-apartments.at\\\/cs\\\/#website\"},\"primaryImageOfPage\":{\"@id\":\"https:\\\/\\\/wolfgangsee-apartments.at\\\/cs\\\/tiraz\\\/#primaryimage\"},\"image\":{\"@id\":\"https:\\\/\\\/wolfgangsee-apartments.at\\\/cs\\\/tiraz\\\/#primaryimage\"},\"thumbnailUrl\":\"https:\\\/\\\/wolfgangsee-apartments.at\\\/wp-content\\\/uploads\\\/2026\\\/03\\\/Corner-Blauw.png\",\"datePublished\":\"2026-03-26T13:12:11+00:00\",\"dateModified\":\"2026-04-13T11:57:43+00:00\",\"breadcrumb\":{\"@id\":\"https:\\\/\\\/wolfgangsee-apartments.at\\\/cs\\\/tiraz\\\/#breadcrumb\"},\"inLanguage\":\"cs\",\"potentialAction\":[{\"@type\":\"ReadAction\",\"target\":[\"https:\\\/\\\/wolfgangsee-apartments.at\\\/cs\\\/tiraz\\\/\"]}]},{\"@type\":\"ImageObject\",\"inLanguage\":\"cs\",\"@id\":\"https:\\\/\\\/wolfgangsee-apartments.at\\\/cs\\\/tiraz\\\/#primaryimage\",\"url\":\"https:\\\/\\\/wolfgangsee-apartments.at\\\/wp-content\\\/uploads\\\/2026\\\/03\\\/Corner-Blauw.png\",\"contentUrl\":\"https:\\\/\\\/wolfgangsee-apartments.at\\\/wp-content\\\/uploads\\\/2026\\\/03\\\/Corner-Blauw.png\"},{\"@type\":\"BreadcrumbList\",\"@id\":\"https:\\\/\\\/wolfgangsee-apartments.at\\\/cs\\\/tiraz\\\/#breadcrumb\",\"itemListElement\":[{\"@type\":\"ListItem\",\"position\":1,\"name\":\"Dom\u016f\",\"item\":\"https:\\\/\\\/wolfgangsee-apartments.at\\\/cs\\\/domu\\\/\"},{\"@type\":\"ListItem\",\"position\":2,\"name\":\"Tir\u00e1\u017e\"}]},{\"@type\":\"WebSite\",\"@id\":\"https:\\\/\\\/wolfgangsee-apartments.at\\\/cs\\\/#website\",\"url\":\"https:\\\/\\\/wolfgangsee-apartments.at\\\/cs\\\/\",\"name\":\"Wolf & Schaf Apartments\",\"description\":\"\",\"publisher\":{\"@id\":\"https:\\\/\\\/wolfgangsee-apartments.at\\\/cs\\\/#organization\"},\"potentialAction\":[{\"@type\":\"SearchAction\",\"target\":{\"@type\":\"EntryPoint\",\"urlTemplate\":\"https:\\\/\\\/wolfgangsee-apartments.at\\\/cs\\\/?s={search_term_string}\"},\"query-input\":{\"@type\":\"PropertyValueSpecification\",\"valueRequired\":true,\"valueName\":\"search_term_string\"}}],\"inLanguage\":\"cs\"},{\"@type\":\"Organization\",\"@id\":\"https:\\\/\\\/wolfgangsee-apartments.at\\\/cs\\\/#organization\",\"name\":\"Wolf &amp; Schaf Apartments\",\"url\":\"https:\\\/\\\/wolfgangsee-apartments.at\\\/cs\\\/\",\"logo\":{\"@type\":\"ImageObject\",\"inLanguage\":\"cs\",\"@id\":\"https:\\\/\\\/wolfgangsee-apartments.at\\\/cs\\\/#\\\/schema\\\/logo\\\/image\\\/\",\"url\":\"https:\\\/\\\/wolfgangsee-apartments.at\\\/wp-content\\\/uploads\\\/2026\\\/02\\\/image.png\",\"contentUrl\":\"https:\\\/\\\/wolfgangsee-apartments.at\\\/wp-content\\\/uploads\\\/2026\\\/02\\\/image.png\",\"width\":300,\"height\":300,\"caption\":\"Wolf &amp; Schaf Apartments\"},\"image\":{\"@id\":\"https:\\\/\\\/wolfgangsee-apartments.at\\\/cs\\\/#\\\/schema\\\/logo\\\/image\\\/\"}}]}<\/script>\n<!-- \/ Yoast SEO plugin. -->","yoast_head_json":{"title":"Tir\u00e1\u017e - Wolf &amp; Schaf Apartments","robots":{"index":"index","follow":"follow","max-snippet":"max-snippet:-1","max-image-preview":"max-image-preview:large","max-video-preview":"max-video-preview:-1"},"canonical":"https:\/\/wolfgangsee-apartments.at\/cs\/tiraz\/","og_locale":"cs_CZ","og_type":"article","og_title":"Tir\u00e1\u017e - Wolf &amp; Schaf Apartments","og_description":"Tir\u00e1\u017e Rezervovat nyn\u00ed \u010cist\u00fd po\u017eitek: Va\u0161e dovolen\u00e1u jezera Wolfgangsee a hory Schafberg Informace o spole\u010dnosti Wolf &amp; Schaf Apartmentszna\u010dka spole\u010dnosti Nomad at Home GmbH Ried 1495360 St. Wolfgang im SalzkammergutRakousko Kontaktn\u00ed \u00fadaje T: +43 (0)664 214 0070E: info(at)wolfschaf.atW: www.wolfschaf.at zastoupen\u00e1 pan\u00ed Godefrida Cornelia Gerarda (Yoni) Simons MSc. apan DI (FH) Bram Marcel Hubertus Slabbers MSc. [&hellip;]","og_url":"https:\/\/wolfgangsee-apartments.at\/cs\/tiraz\/","og_site_name":"Wolf &amp; Schaf Apartments","article_modified_time":"2026-04-13T11:57:43+00:00","og_image":[{"width":30,"height":30,"url":"https:\/\/wolfgangsee-apartments.at\/wp-content\/uploads\/2026\/03\/Corner-Blauw.png","type":"image\/png"}],"twitter_card":"summary_large_image","twitter_misc":{"Odhadovan\u00e1 doba \u010dten\u00ed":"1 minuta"},"schema":{"@context":"https:\/\/schema.org","@graph":[{"@type":"WebPage","@id":"https:\/\/wolfgangsee-apartments.at\/cs\/tiraz\/","url":"https:\/\/wolfgangsee-apartments.at\/cs\/tiraz\/","name":"Tir\u00e1\u017e - Wolf &amp; Schaf Apartments","isPartOf":{"@id":"https:\/\/wolfgangsee-apartments.at\/cs\/#website"},"primaryImageOfPage":{"@id":"https:\/\/wolfgangsee-apartments.at\/cs\/tiraz\/#primaryimage"},"image":{"@id":"https:\/\/wolfgangsee-apartments.at\/cs\/tiraz\/#primaryimage"},"thumbnailUrl":"https:\/\/wolfgangsee-apartments.at\/wp-content\/uploads\/2026\/03\/Corner-Blauw.png","datePublished":"2026-03-26T13:12:11+00:00","dateModified":"2026-04-13T11:57:43+00:00","breadcrumb":{"@id":"https:\/\/wolfgangsee-apartments.at\/cs\/tiraz\/#breadcrumb"},"inLanguage":"cs","potentialAction":[{"@type":"ReadAction","target":["https:\/\/wolfgangsee-apartments.at\/cs\/tiraz\/"]}]},{"@type":"ImageObject","inLanguage":"cs","@id":"https:\/\/wolfgangsee-apartments.at\/cs\/tiraz\/#primaryimage","url":"https:\/\/wolfgangsee-apartments.at\/wp-content\/uploads\/2026\/03\/Corner-Blauw.png","contentUrl":"https:\/\/wolfgangsee-apartments.at\/wp-content\/uploads\/2026\/03\/Corner-Blauw.png"},{"@type":"BreadcrumbList","@id":"https:\/\/wolfgangsee-apartments.at\/cs\/tiraz\/#breadcrumb","itemListElement":[{"@type":"ListItem","position":1,"name":"Dom\u016f","item":"https:\/\/wolfgangsee-apartments.at\/cs\/domu\/"},{"@type":"ListItem","position":2,"name":"Tir\u00e1\u017e"}]},{"@type":"WebSite","@id":"https:\/\/wolfgangsee-apartments.at\/cs\/#website","url":"https:\/\/wolfgangsee-apartments.at\/cs\/","name":"Wolf & Schaf Apartments","description":"","publisher":{"@id":"https:\/\/wolfgangsee-apartments.at\/cs\/#organization"},"potentialAction":[{"@type":"SearchAction","target":{"@type":"EntryPoint","urlTemplate":"https:\/\/wolfgangsee-apartments.at\/cs\/?s={search_term_string}"},"query-input":{"@type":"PropertyValueSpecification","valueRequired":true,"valueName":"search_term_string"}}],"inLanguage":"cs"},{"@type":"Organization","@id":"https:\/\/wolfgangsee-apartments.at\/cs\/#organization","name":"Wolf &amp; Schaf Apartments","url":"https:\/\/wolfgangsee-apartments.at\/cs\/","logo":{"@type":"ImageObject","inLanguage":"cs","@id":"https:\/\/wolfgangsee-apartments.at\/cs\/#\/schema\/logo\/image\/","url":"https:\/\/wolfgangsee-apartments.at\/wp-content\/uploads\/2026\/02\/image.png","contentUrl":"https:\/\/wolfgangsee-apartments.at\/wp-content\/uploads\/2026\/02\/image.png","width":300,"height":300,"caption":"Wolf &amp; Schaf Apartments"},"image":{"@id":"https:\/\/wolfgangsee-apartments.at\/cs\/#\/schema\/logo\/image\/"}}]}},"_links":{"self":[{"href":"https:\/\/wolfgangsee-apartments.at\/cs\/wp-json\/wp\/v2\/pages\/3029","targetHints":{"allow":["GET"]}}],"collection":[{"href":"https:\/\/wolfgangsee-apartments.at\/cs\/wp-json\/wp\/v2\/pages"}],"about":[{"href":"https:\/\/wolfgangsee-apartments.at\/cs\/wp-json\/wp\/v2\/types\/page"}],"author":[{"embeddable":true,"href":"https:\/\/wolfgangsee-apartments.at\/cs\/wp-json\/wp\/v2\/users\/2"}],"replies":[{"embeddable":true,"href":"https:\/\/wolfgangsee-apartments.at\/cs\/wp-json\/wp\/v2\/comments?post=3029"}],"version-history":[{"count":1,"href":"https:\/\/wolfgangsee-apartments.at\/cs\/wp-json\/wp\/v2\/pages\/3029\/revisions"}],"predecessor-version":[{"id":3030,"href":"https:\/\/wolfgangsee-apartments.at\/cs\/wp-json\/wp\/v2\/pages\/3029\/revisions\/3030"}],"wp:attachment":[{"href":"https:\/\/wolfgangsee-apartments.at\/cs\/wp-json\/wp\/v2\/media?parent=3029"}],"curies":[{"name":"wp","href":"https:\/\/api.w.org\/{rel}","templated":true}]}}